{"id":6,"date":"2020-12-20T14:36:04","date_gmt":"2020-12-20T13:36:04","guid":{"rendered":"https:\/\/infotag.fachschule-flensburg.de\/?page_id=6"},"modified":"2026-01-26T10:26:43","modified_gmt":"2026-01-26T09:26:43","slug":"fortbildung-zum-zur-staatl-gepr-technikerin-oder-staatl-gepr-gestalterin-2","status":"publish","type":"page","link":"https:\/\/infotag.fachschule-flensburg.de\/","title":{"rendered":"Fortbildung zum\/zur staatl. gepr. Techniker*in oder staatl. gepr. Gestalter*in"},"content":{"rendered":"\n<div class=\"wp-block-columns are-vertically-aligned-center is-layout-flex wp-container-core-columns-is-layout-9d6595d7 wp-block-columns-is-layout-flex\">\n<div class=\"wp-block-column is-vertically-aligned-center is-layout-flow wp-block-column-is-layout-flow\">\n<figure class=\"wp-block-embed is-type-video is-provider-youtube wp-block-embed-youtube wp-embed-aspect-16-9 wp-has-aspect-ratio\"><div class=\"wp-block-embed__wrapper\">\n<iframe loading=\"lazy\" title=\"Imagefilm FSTuG 1\" width=\"869\" height=\"489\" src=\"https:\/\/www.youtube.com\/embed\/maAGvB38igU?feature=oembed\" frameborder=\"0\" allow=\"accelerometer; autoplay; clipboard-write; encrypted-media; gyroscope; picture-in-picture; web-share\" referrerpolicy=\"strict-origin-when-cross-origin\" allowfullscreen><\/iframe>\n<\/div><\/figure>\n<\/div>\n\n\n\n<div class=\"wp-block-column is-vertically-aligned-center is-layout-flow wp-block-column-is-layout-flow\">\n<figure class=\"wp-block-image size-large\"><img loading=\"lazy\" decoding=\"async\" width=\"1024\" height=\"584\" src=\"https:\/\/infotag.fachschule-flensburg.de\/wp-content\/uploads\/2025\/01\/IMG_0416-4-1024x584.jpg\" alt=\"\" class=\"wp-image-936\" srcset=\"https:\/\/infotag.fachschule-flensburg.de\/wp-content\/uploads\/2025\/01\/IMG_0416-4-1024x584.jpg 1024w, https:\/\/infotag.fachschule-flensburg.de\/wp-content\/uploads\/2025\/01\/IMG_0416-4-300x171.jpg 300w, https:\/\/infotag.fachschule-flensburg.de\/wp-content\/uploads\/2025\/01\/IMG_0416-4-768x438.jpg 768w, https:\/\/infotag.fachschule-flensburg.de\/wp-content\/uploads\/2025\/01\/IMG_0416-4-1536x876.jpg 1536w, https:\/\/infotag.fachschule-flensburg.de\/wp-content\/uploads\/2025\/01\/IMG_0416-4-2048x1168.jpg 2048w\" sizes=\"auto, (max-width: 1024px) 100vw, 1024px\" \/><\/figure>\n<\/div>\n\n\n\n<div class=\"wp-block-column is-vertically-aligned-center is-layout-flow wp-block-column-is-layout-flow\">\n<figure class=\"wp-block-image size-large\"><img loading=\"lazy\" decoding=\"async\" width=\"1024\" height=\"584\" src=\"https:\/\/infotag.fachschule-flensburg.de\/wp-content\/uploads\/2026\/01\/Homepagebild-jPG-1024x584.jpg\" alt=\"\" class=\"wp-image-1009\" srcset=\"https:\/\/infotag.fachschule-flensburg.de\/wp-content\/uploads\/2026\/01\/Homepagebild-jPG-1024x584.jpg 1024w, https:\/\/infotag.fachschule-flensburg.de\/wp-content\/uploads\/2026\/01\/Homepagebild-jPG-300x171.jpg 300w, https:\/\/infotag.fachschule-flensburg.de\/wp-content\/uploads\/2026\/01\/Homepagebild-jPG-768x438.jpg 768w, https:\/\/infotag.fachschule-flensburg.de\/wp-content\/uploads\/2026\/01\/Homepagebild-jPG-1536x876.jpg 1536w, https:\/\/infotag.fachschule-flensburg.de\/wp-content\/uploads\/2026\/01\/Homepagebild-jPG-2048x1168.jpg 2048w\" sizes=\"auto, (max-width: 1024px) 100vw, 1024px\" \/><\/figure>\n<\/div>\n<\/div>\n\n\n\n<hr class=\"wp-block-separator has-css-opacity is-style-wide\"\/>\n\n\n\n<h2 class=\"wp-block-heading has-text-align-center\">Besuchen Sie unsere Studierenden und Lehrenden<br>Fr 30.01.26 von 9.00 &#8211; 14.00 Uhr und<br>Sa 31.01.26 von 10.00 &#8211; 15.00 Uhr in der Fachschule. <br><\/h2>\n\n\n\n<div class=\"wp-block-columns is-layout-flex wp-container-core-columns-is-layout-9d6595d7 wp-block-columns-is-layout-flex\">\n<div class=\"wp-block-column is-layout-flow wp-block-column-is-layout-flow\" style=\"flex-basis:33.33%\">\n<figure class=\"wp-block-image size-full\"><img loading=\"lazy\" decoding=\"async\" width=\"1000\" height=\"735\" src=\"https:\/\/infotag.fachschule-flensburg.de\/wp-content\/uploads\/2022\/12\/01_projekt.jpg\" alt=\"\" class=\"wp-image-760\" srcset=\"https:\/\/infotag.fachschule-flensburg.de\/wp-content\/uploads\/2022\/12\/01_projekt.jpg 1000w, https:\/\/infotag.fachschule-flensburg.de\/wp-content\/uploads\/2022\/12\/01_projekt-300x221.jpg 300w, https:\/\/infotag.fachschule-flensburg.de\/wp-content\/uploads\/2022\/12\/01_projekt-768x564.jpg 768w\" sizes=\"auto, (max-width: 1000px) 100vw, 1000px\" \/><figcaption class=\"wp-element-caption\">Einer der Infost\u00e4nde in der Aula<\/figcaption><\/figure>\n<\/div>\n\n\n\n<div class=\"wp-block-column is-layout-flow wp-block-column-is-layout-flow\" style=\"flex-basis:66.66%\">\n<p><mark style=\"background-color:rgba(0, 0, 0, 0)\" class=\"has-inline-color has-vivid-red-color\"><strong>Ganzt\u00e4gige Angebote<\/strong><\/mark><\/p>\n\n\n\n<p><strong>Sekretariat <\/strong><br>Sie leben nicht in der Umgebung von Flensburg und suchen trotzdem Informationen zur Fortbildung? <br>Sekretariat Tel: <a href=\"tel:+49461852534\">+<\/a><a href=\"tel:0049461852534\">49 461 &#8211; 85 25 34<\/a><\/p>\n\n\n\n<p><strong>Treffpunkt Aula<\/strong><br>Alle Fachrichtungen der Fachschule f\u00fcr Technik und Gestaltung stellen sich vor<\/p>\n\n\n\n<p><strong>Projektbeispiele der Studierenden<\/strong><br>Fachrichtungen <strong>Holztechnik<\/strong> und <strong>Raumgestaltung &amp; Innenausbau<\/strong> zeigen eine Ausstellung von M\u00f6beln, Entw\u00fcrfen und Facharbeiten <br>Raum 40<\/p>\n\n\n\n<p><strong>3D-Druck <\/strong><br>Die 3D-Drucker; Raum 26 <\/p>\n\n\n\n<p><strong>CNC-Fertigung \/ Laserschnitt<\/strong><br>Die 5-Achs-CNC in Aktion; Werkstatt<br>Die Laser-Schneidemaschine in Aktion; Werkstatt<br><\/p>\n\n\n\n<p><strong>Offene Werkst\u00e4tten Holzbildhauerei<\/strong><br>Raum 60 (1. Lehrjahr)<br>Raum 61 (2. Lehrjahr)<\/p>\n<\/div>\n<\/div>\n\n\n\n<figure class=\"wp-block-table is-style-stripes\"><table><tbody><tr><td><strong><mark style=\"background-color:rgba(0, 0, 0, 0)\" class=\"has-inline-color has-vivid-red-color\">Freitag <\/mark><\/strong><\/td><td><strong><mark style=\"background-color:rgba(0, 0, 0, 0)\" class=\"has-inline-color has-vivid-red-color\">30.01.26<\/mark><\/strong><\/td><td><\/td><\/tr><tr><td>9.30 Uhr, <br>Raum <br>G 28<\/td><td>Geb\u00e4udesystemtechnik<br><strong>B\u00fcchsenmacherei &#8211; Planung und Auslegung der Geb\u00e4udetechnik <\/strong><br>Klasse &#8222;GST24&#8220;<\/td><td><\/td><\/tr><tr><td>10.30 Uhr<br>Raum <br>G 30<\/td><td>Elektrotechnik<br><strong>Beleuchtungsplanung an der Auguste-Viktoria-Schule <\/strong><br>Klasse &#8222;ET25&#8220;<\/td><td><\/td><\/tr><tr><td>10.30 Uhr<br>Raum <br>G 31<\/td><td>Maschinentechnik, Elektrotechnik<br><strong>T\u00e4tigkeitsbereiche der Firma Plan8: Technische Betriebsf\u00fchrung erneuerbare Energien<\/strong><br><strong>Projektierung und Realisierung von Windkraftanlagen und PV-Anlagen<\/strong><br>Morten Boelk und Tim Berggreen (Ehemalige MT 18 und MT13, Sowie Wite 23), PLAN 8, Eckernf\u00f6rde,<\/td><td><\/td><\/tr><tr><td>11.30 Uhr <br>Raum <br>G 43<\/td><td>Holztechnik, Raumgestaltung &amp; Innenausbau<br><strong>Holzarbeiten im Projekt &#8222;Ostsee Baumhaus Hotel&#8220;<\/strong> <a href=\"https:\/\/www.ostsee-baumhaushotel.de\">https:\/\/www.ostsee-baumhaushotel.de<\/a><br>Carl-Felix Lenz <a href=\"http:\/\/www.noordskstudio.com\">http:\/\/www.noordskstudio.com<\/a> und Jan Petersen <a href=\"https:\/\/petersen-stangheck.de\">https:\/\/petersen-stangheck.de<\/a> (Ehemalige HT)<\/td><td><\/td><\/tr><tr><td>11.30<br>Uhr<br>Raum <br>G28<\/td><td>Elektrotechnik<br><strong><strong>Arbeitsbereich eines Elektrotechnikers bei Lufthansa Industry Solutions<\/strong><\/strong><br>Andre Clausen (Ehemaliger ET) IT Berater Lufthansa Industry Solutions<\/td><td><\/td><\/tr><tr><td>12.30 Uhr<br>Raum <br>G 30<br><\/td><td>Maschinentechnik, Elektrotechnik, Geb\u00e4udesystemtechnik<br><strong><strong>Arbeitsfelder und Anforderungen im Bereich Sicherheit im Betrieb und auf BaustellenArbeitssicherheit<\/strong><\/strong><br>Sven Sch\u00f6nknecht und Uwe Sch\u00f6nfeld (Ehemalige MT22), CSicher GmbH<br><\/td><td><\/td><\/tr><tr><td><strong><mark style=\"background-color:rgba(0, 0, 0, 0)\" class=\"has-inline-color has-vivid-red-color\">Samstag <\/mark><\/strong><\/td><td><strong><mark style=\"background-color:rgba(0, 0, 0, 0)\" class=\"has-inline-color has-vivid-red-color\">31.01.26<\/mark><\/strong><\/td><td><\/td><\/tr><tr><td>10.30 Uhr<br>Raum <br>G 43<\/td><td>Raumgestaltung &amp; Innenausbau<br><strong>Aktuelle Einblicke in die Arbeiten in der Tischlerei<\/strong><br>Stefanie Brodersen (Ehemalige HT1996), Tischlerei Arriens<\/td><td><\/td><\/tr><tr><td>11.00 Uhr<br>Raum <br>G 30<\/td><td>Maschinentechnik<br><strong>Projektvorstellung &#8222;Hebevorrichtung&#8220;, Einstieg in das Projektmanagement<\/strong><br>Klasse &#8222;MT25&#8220;<\/td><td><\/td><\/tr><tr><td>12.30 Uhr<br>Raum <br>G 30<\/td><td>Maschinentechnik <br><strong>Verk\u00fcrzung der Zykluszeit beim Belegen der Aufnahme von Gasregelventilen mit Dichtungsmaterial, Projektauftrag der Fa. M\u00fcller Gas DK<\/strong><br>Klasse &#8222;MT24&#8220;<\/td><td><\/td><\/tr><tr><td>13.30 Uhr<br>Raum <br>G 31<\/td><td>Wirtschaftstechnik<br><strong>Vorstellung der auf den Abschluss als Techniker\/in bzw. Gestalter\/in aufbauenden Aufstiegsfortbildung mit betriebswirtschaftlichem Schwerpunkt<\/strong><br>Team Wirtschaftstechnik<\/td><td><\/td><\/tr><\/tbody><\/table><\/figure>\n\n\n\n<p class=\"has-text-align-center\"><\/p>\n\n\n\n<p class=\"has-text-align-center\"><strong>Fachschule f\u00fcr Technik und Gestaltung<\/strong><\/p>\n\n\n\n<p class=\"has-text-align-center\">Sch\u00fctzenkuhle 20-24, 24937 Flensburg, Tel. 0461 &#8211; 852534, fstug@esfl.de<\/p>\n","protected":false},"excerpt":{"rendered":"<p>Besuchen Sie unsere Studierenden und LehrendenFr 30.01.26 von 9.00 &#8211; 14.00 Uhr undSa 31.01.26 von 10.00 &#8211; 15.00 Uhr in der Fachschule. Ganzt\u00e4gige Angebote Sekretariat Sie leben nicht in der Umgebung von Flensburg und suchen trotzdem Informationen zur Fortbildung? Sekretariat Tel: +49 461 &#8211; 85 25 34 Treffpunkt AulaAlle Fachrichtungen der Fachschule f\u00fcr Technik und&hellip;<\/p>\n","protected":false},"author":2,"featured_media":0,"parent":0,"menu_order":0,"comment_status":"closed","ping_status":"closed","template":"","meta":{"_mo_disable_npp":"","footnotes":""},"class_list":["post-6","page","type-page","status-publish","hentry","no-post-thumbnail","post-grid-3-col","entry"],"yoast_head":"<!-- This site is optimized with the Yoast SEO plugin v26.8 - https:\/\/yoast.com\/product\/yoast-seo-wordpress\/ -->\n<title>Fortbildung zum\/zur staatl. gepr. Techniker*in oder staatl. gepr. Gestalter*in -<\/title>\n<meta name=\"description\" content=\"Infotag zur beruflichen Weiterbildung zum staatl. gepr. Techniker oder staatl. gepr. Gestalter an der Fachschule Flensburg\" \/>\n<meta name=\"robots\" content=\"index, follow, max-snippet:-1, max-image-preview:large, max-video-preview:-1\" \/>\n<link rel=\"canonical\" href=\"https:\/\/infotag.fachschule-flensburg.de\/\" \/>\n<meta property=\"og:locale\" content=\"de_DE\" \/>\n<meta property=\"og:type\" content=\"article\" \/>\n<meta property=\"og:title\" content=\"Fortbildung zum\/zur staatl. gepr. Techniker*in oder staatl. gepr. Gestalter*in -\" \/>\n<meta property=\"og:description\" content=\"Infotag zur beruflichen Weiterbildung zum staatl. gepr. Techniker oder staatl. gepr. Gestalter an der Fachschule Flensburg\" \/>\n<meta property=\"og:url\" content=\"https:\/\/infotag.fachschule-flensburg.de\/\" \/>\n<meta property=\"article:publisher\" content=\"https:\/\/www.facebook.com\/Fachschule-fr-Technik-und-Gestaltung-209445012422226\/\" \/>\n<meta property=\"article:modified_time\" content=\"2026-01-26T09:26:43+00:00\" \/>\n<meta property=\"og:image\" content=\"https:\/\/infotag.fachschule-flensburg.de\/wp-content\/uploads\/2025\/01\/IMG_0416-4-scaled.jpg\" \/>\n\t<meta property=\"og:image:width\" content=\"2560\" \/>\n\t<meta property=\"og:image:height\" content=\"1460\" \/>\n\t<meta property=\"og:image:type\" content=\"image\/jpeg\" \/>\n<meta name=\"twitter:card\" content=\"summary_large_image\" \/>\n<meta name=\"twitter:label1\" content=\"Gesch\u00e4tzte Lesezeit\" \/>\n\t<meta name=\"twitter:data1\" content=\"3\u00a0Minuten\" \/>\n<script type=\"application\/ld+json\" class=\"yoast-schema-graph\">{\"@context\":\"https:\/\/schema.org\",\"@graph\":[{\"@type\":\"WebPage\",\"@id\":\"https:\/\/infotag.fachschule-flensburg.de\/\",\"url\":\"https:\/\/infotag.fachschule-flensburg.de\/\",\"name\":\"Fortbildung zum\/zur staatl. gepr. Techniker*in oder staatl. gepr. Gestalter*in -\",\"isPartOf\":{\"@id\":\"https:\/\/infotag.fachschule-flensburg.de\/#website\"},\"primaryImageOfPage\":{\"@id\":\"https:\/\/infotag.fachschule-flensburg.de\/#primaryimage\"},\"image\":{\"@id\":\"https:\/\/infotag.fachschule-flensburg.de\/#primaryimage\"},\"thumbnailUrl\":\"https:\/\/infotag.fachschule-flensburg.de\/wp-content\/uploads\/2025\/01\/IMG_0416-4-1024x584.jpg\",\"datePublished\":\"2020-12-20T13:36:04+00:00\",\"dateModified\":\"2026-01-26T09:26:43+00:00\",\"description\":\"Infotag zur beruflichen Weiterbildung zum staatl. gepr. Techniker oder staatl. gepr. Gestalter an der Fachschule Flensburg\",\"breadcrumb\":{\"@id\":\"https:\/\/infotag.fachschule-flensburg.de\/#breadcrumb\"},\"inLanguage\":\"de\",\"potentialAction\":[{\"@type\":\"ReadAction\",\"target\":[\"https:\/\/infotag.fachschule-flensburg.de\/\"]}]},{\"@type\":\"ImageObject\",\"inLanguage\":\"de\",\"@id\":\"https:\/\/infotag.fachschule-flensburg.de\/#primaryimage\",\"url\":\"https:\/\/infotag.fachschule-flensburg.de\/wp-content\/uploads\/2025\/01\/IMG_0416-4-scaled.jpg\",\"contentUrl\":\"https:\/\/infotag.fachschule-flensburg.de\/wp-content\/uploads\/2025\/01\/IMG_0416-4-scaled.jpg\",\"width\":2560,\"height\":1460},{\"@type\":\"BreadcrumbList\",\"@id\":\"https:\/\/infotag.fachschule-flensburg.de\/#breadcrumb\",\"itemListElement\":[{\"@type\":\"ListItem\",\"position\":1,\"name\":\"Startseite\",\"item\":\"https:\/\/infotag.fachschule-flensburg.de\/\"},{\"@type\":\"ListItem\",\"position\":2,\"name\":\"Fortbildung zum\/zur staatl. gepr. Techniker*in oder staatl. gepr. Gestalter*in\"}]},{\"@type\":\"WebSite\",\"@id\":\"https:\/\/infotag.fachschule-flensburg.de\/#website\",\"url\":\"https:\/\/infotag.fachschule-flensburg.de\/\",\"name\":\"\",\"description\":\"\",\"publisher\":{\"@id\":\"https:\/\/infotag.fachschule-flensburg.de\/#organization\"},\"potentialAction\":[{\"@type\":\"SearchAction\",\"target\":{\"@type\":\"EntryPoint\",\"urlTemplate\":\"https:\/\/infotag.fachschule-flensburg.de\/?s={search_term_string}\"},\"query-input\":{\"@type\":\"PropertyValueSpecification\",\"valueRequired\":true,\"valueName\":\"search_term_string\"}}],\"inLanguage\":\"de\"},{\"@type\":\"Organization\",\"@id\":\"https:\/\/infotag.fachschule-flensburg.de\/#organization\",\"name\":\"Fachschule f\u00fcr Technik und Gestaltung\",\"url\":\"https:\/\/infotag.fachschule-flensburg.de\/\",\"logo\":{\"@type\":\"ImageObject\",\"inLanguage\":\"de\",\"@id\":\"https:\/\/infotag.fachschule-flensburg.de\/#\/schema\/logo\/image\/\",\"url\":\"https:\/\/infotag.fachschule-flensburg.de\/wp-content\/uploads\/2022\/10\/logo-icon.jpg\",\"contentUrl\":\"https:\/\/infotag.fachschule-flensburg.de\/wp-content\/uploads\/2022\/10\/logo-icon.jpg\",\"width\":512,\"height\":512,\"caption\":\"Fachschule f\u00fcr Technik und Gestaltung\"},\"image\":{\"@id\":\"https:\/\/infotag.fachschule-flensburg.de\/#\/schema\/logo\/image\/\"},\"sameAs\":[\"https:\/\/www.facebook.com\/Fachschule-fr-Technik-und-Gestaltung-209445012422226\/\",\"https:\/\/www.instagram.com\/fachschule_flensburg\"]}]}<\/script>\n<!-- \/ Yoast SEO plugin. -->","yoast_head_json":{"title":"Fortbildung zum\/zur staatl. gepr. Techniker*in oder staatl. gepr. Gestalter*in -","description":"Infotag zur beruflichen Weiterbildung zum staatl. gepr. Techniker oder staatl. gepr. Gestalter an der Fachschule Flensburg","robots":{"index":"index","follow":"follow","max-snippet":"max-snippet:-1","max-image-preview":"max-image-preview:large","max-video-preview":"max-video-preview:-1"},"canonical":"https:\/\/infotag.fachschule-flensburg.de\/","og_locale":"de_DE","og_type":"article","og_title":"Fortbildung zum\/zur staatl. gepr. Techniker*in oder staatl. gepr. Gestalter*in -","og_description":"Infotag zur beruflichen Weiterbildung zum staatl. gepr. Techniker oder staatl. gepr. Gestalter an der Fachschule Flensburg","og_url":"https:\/\/infotag.fachschule-flensburg.de\/","article_publisher":"https:\/\/www.facebook.com\/Fachschule-fr-Technik-und-Gestaltung-209445012422226\/","article_modified_time":"2026-01-26T09:26:43+00:00","og_image":[{"width":2560,"height":1460,"url":"https:\/\/infotag.fachschule-flensburg.de\/wp-content\/uploads\/2025\/01\/IMG_0416-4-scaled.jpg","type":"image\/jpeg"}],"twitter_card":"summary_large_image","twitter_misc":{"Gesch\u00e4tzte Lesezeit":"3\u00a0Minuten"},"schema":{"@context":"https:\/\/schema.org","@graph":[{"@type":"WebPage","@id":"https:\/\/infotag.fachschule-flensburg.de\/","url":"https:\/\/infotag.fachschule-flensburg.de\/","name":"Fortbildung zum\/zur staatl. gepr. Techniker*in oder staatl. gepr. Gestalter*in -","isPartOf":{"@id":"https:\/\/infotag.fachschule-flensburg.de\/#website"},"primaryImageOfPage":{"@id":"https:\/\/infotag.fachschule-flensburg.de\/#primaryimage"},"image":{"@id":"https:\/\/infotag.fachschule-flensburg.de\/#primaryimage"},"thumbnailUrl":"https:\/\/infotag.fachschule-flensburg.de\/wp-content\/uploads\/2025\/01\/IMG_0416-4-1024x584.jpg","datePublished":"2020-12-20T13:36:04+00:00","dateModified":"2026-01-26T09:26:43+00:00","description":"Infotag zur beruflichen Weiterbildung zum staatl. gepr. Techniker oder staatl. gepr. Gestalter an der Fachschule Flensburg","breadcrumb":{"@id":"https:\/\/infotag.fachschule-flensburg.de\/#breadcrumb"},"inLanguage":"de","potentialAction":[{"@type":"ReadAction","target":["https:\/\/infotag.fachschule-flensburg.de\/"]}]},{"@type":"ImageObject","inLanguage":"de","@id":"https:\/\/infotag.fachschule-flensburg.de\/#primaryimage","url":"https:\/\/infotag.fachschule-flensburg.de\/wp-content\/uploads\/2025\/01\/IMG_0416-4-scaled.jpg","contentUrl":"https:\/\/infotag.fachschule-flensburg.de\/wp-content\/uploads\/2025\/01\/IMG_0416-4-scaled.jpg","width":2560,"height":1460},{"@type":"BreadcrumbList","@id":"https:\/\/infotag.fachschule-flensburg.de\/#breadcrumb","itemListElement":[{"@type":"ListItem","position":1,"name":"Startseite","item":"https:\/\/infotag.fachschule-flensburg.de\/"},{"@type":"ListItem","position":2,"name":"Fortbildung zum\/zur staatl. gepr. Techniker*in oder staatl. gepr. Gestalter*in"}]},{"@type":"WebSite","@id":"https:\/\/infotag.fachschule-flensburg.de\/#website","url":"https:\/\/infotag.fachschule-flensburg.de\/","name":"","description":"","publisher":{"@id":"https:\/\/infotag.fachschule-flensburg.de\/#organization"},"potentialAction":[{"@type":"SearchAction","target":{"@type":"EntryPoint","urlTemplate":"https:\/\/infotag.fachschule-flensburg.de\/?s={search_term_string}"},"query-input":{"@type":"PropertyValueSpecification","valueRequired":true,"valueName":"search_term_string"}}],"inLanguage":"de"},{"@type":"Organization","@id":"https:\/\/infotag.fachschule-flensburg.de\/#organization","name":"Fachschule f\u00fcr Technik und Gestaltung","url":"https:\/\/infotag.fachschule-flensburg.de\/","logo":{"@type":"ImageObject","inLanguage":"de","@id":"https:\/\/infotag.fachschule-flensburg.de\/#\/schema\/logo\/image\/","url":"https:\/\/infotag.fachschule-flensburg.de\/wp-content\/uploads\/2022\/10\/logo-icon.jpg","contentUrl":"https:\/\/infotag.fachschule-flensburg.de\/wp-content\/uploads\/2022\/10\/logo-icon.jpg","width":512,"height":512,"caption":"Fachschule f\u00fcr Technik und Gestaltung"},"image":{"@id":"https:\/\/infotag.fachschule-flensburg.de\/#\/schema\/logo\/image\/"},"sameAs":["https:\/\/www.facebook.com\/Fachschule-fr-Technik-und-Gestaltung-209445012422226\/","https:\/\/www.instagram.com\/fachschule_flensburg"]}]}},"_links":{"self":[{"href":"https:\/\/infotag.fachschule-flensburg.de\/index.php?rest_route=\/wp\/v2\/pages\/6","targetHints":{"allow":["GET"]}}],"collection":[{"href":"https:\/\/infotag.fachschule-flensburg.de\/index.php?rest_route=\/wp\/v2\/pages"}],"about":[{"href":"https:\/\/infotag.fachschule-flensburg.de\/index.php?rest_route=\/wp\/v2\/types\/page"}],"author":[{"embeddable":true,"href":"https:\/\/infotag.fachschule-flensburg.de\/index.php?rest_route=\/wp\/v2\/users\/2"}],"replies":[{"embeddable":true,"href":"https:\/\/infotag.fachschule-flensburg.de\/index.php?rest_route=%2Fwp%2Fv2%2Fcomments&post=6"}],"version-history":[{"count":268,"href":"https:\/\/infotag.fachschule-flensburg.de\/index.php?rest_route=\/wp\/v2\/pages\/6\/revisions"}],"predecessor-version":[{"id":1025,"href":"https:\/\/infotag.fachschule-flensburg.de\/index.php?rest_route=\/wp\/v2\/pages\/6\/revisions\/1025"}],"wp:attachment":[{"href":"https:\/\/infotag.fachschule-flensburg.de\/index.php?rest_route=%2Fwp%2Fv2%2Fmedia&parent=6"}],"curies":[{"name":"wp","href":"https:\/\/api.w.org\/{rel}","templated":true}]}}